{"id":2635,"date":"2023-01-30T17:21:30","date_gmt":"2023-01-30T16:21:30","guid":{"rendered":"https:\/\/www.satoriprocess.com\/?page_id=2635"},"modified":"2025-10-05T11:54:16","modified_gmt":"2025-10-05T09:54:16","slug":"satorisharing-group-week","status":"publish","type":"page","link":"https:\/\/www.satoriprocess.com\/de\/satorisharing-group-week\/","title":{"rendered":"SATORI&#038;SHARING RETREAT"},"content":{"rendered":"<p>[vc_row foundry_parallax=&#8220;not-parallax&#8220; css=&#8220;.vc_custom_1675175674095{background-image: url(https:\/\/www.satoriprocess.com\/wp-content\/uploads\/2023\/01\/House-Sars-scaled-e1675096057125.jpg?id=2648) !important;}&#8220;][vc_column]<section class=\"cover  image-slider slider-all-controls controls-inside parallax\" style=\"height: 250px;\"><ul class=\"slides\"><li class=\"overlay image-bg\" style=\"height: 250px;\">\t\n\t\t    <div class=\"container v-align-transform\">\n\t\t        <div class=\"row\">\n\t\t            <div class=\"col-md-12 col-sm-12\">\n\t\t                \n\t\t            <\/div>\n\t\t        <\/div>\n\t\t    <\/div>\n\t\t<\/li><\/ul><\/section>[\/vc_column][\/vc_row][vc_row foundry_padding=&#8220;pb0&#8243;][vc_column][vc_column_text el_id=&#8220;#theprocess&#8220;]<\/p>\n<h2 class=\"p1\"><span class=\"s1\"><b>SATORI&amp;SHARING<span class=\"Apple-converted-space\">\u00a0 <\/span>RETREAT\u00a0<\/b><\/span><\/h2>\n<h3 class=\"uppercase mb40 mb-xs-24\" style=\"text-align: left;\"><img decoding=\"async\" loading=\"lazy\" class=\"size-full wp-image-1456 alignnone\" src=\"https:\/\/www.satoriprocess.com\/wp-content\/uploads\/2020\/01\/divider-1.png\" alt=\"\" width=\"49\" height=\"29\" \/><\/h3>\n<p class=\"p1\"><strong><span class=\"s1\">Juni 2026<br \/>\n<\/span><\/strong><\/p>\n<p class=\"p1\"><span class=\"s1\">Wir laden Dich zu diesem besonderen 10-t\u00e4gigen Satori&amp;Sharing Retreat ein.<\/span><\/p>\n<p class=\"p1\"><span class=\"s1\">Dieses Retreat ist eine Gelegenheit, eine Auszeit vom Alltag zu nehmen, zu entschleunigen und Satori-Dyaden in Kombination mit dem Gruppenprozess zu nutzen, um Dich selbst und Dein Leben aus neuen Perspektiven zu sehen.<\/span><\/p>\n<p class=\"p1\"><span class=\"s1\">In dieser Woche geht es darum, Deine Satori-Frage zu erkunden, das Hier und Jetzt zu erforschen, Dein Leben zu reflektieren, mit Klarheit und Authentizit\u00e4t zu kommunizieren, andere zu unterst\u00fctzen und unterst\u00fctzt zu werden, um neue Tiefen und M\u00f6glichkeiten in Dir selbst zu entdecken.<\/span><\/p>\n<p class=\"p1\"><span class=\"s1\">Diese Woche ist auch eine Gelegenheit, mit Freunden abzuh\u00e4ngen und die Ruhe und Sch\u00f6nheit der einzigartigen Umgebung rund um unser sch\u00f6nes Zuhause auf Zeit, zu genie\u00dfen.<\/span><\/p>\n<p class=\"p1\"><span class=\"s1\">Was ist eine Sharing-Gruppe \u2013 n\u00e4here Information findest Du <a href=\"https:\/\/www.facebook.com\/events\/736240837666226\">hier<\/a>.<\/span><\/p>\n<p class=\"p3\"><span class=\"s1\"><i>Nimm dir eine Auszeit und gelange zu tiefen Einsichten \u00fcber dich selbst in der unterst\u00fctzenden Atmosph\u00e4re einer Gruppe.<\/i><\/span><\/p>\n<p>[\/vc_column_text][vc_empty_space height=&#8220;30px&#8220;][vc_row_inner equal_height=&#8220;yes&#8220;][vc_column_inner width=&#8220;1\/3&#8243;][vc_single_image image=&#8220;2593&#8243; img_size=&#8220;360&#215;272&#8243;][\/vc_column_inner][vc_column_inner width=&#8220;1\/3&#8243;][vc_single_image image=&#8220;2638&#8243; img_size=&#8220;360&#215;272&#8243;][\/vc_column_inner][vc_column_inner width=&#8220;1\/3&#8243;][vc_single_image image=&#8220;2640&#8243; img_size=&#8220;360&#215;272&#8243;][\/vc_column_inner][\/vc_row_inner][vc_empty_space height=&#8220;30px&#8220;][vc_column_text]<\/p>\n<h3>N\u00c4HERE INFORMATION<em><br \/>\n<\/em><\/h3>\n<p class=\"p1\"><strong>TERMINE &amp; ZEITPLAN<\/strong><\/p>\n<p class=\"p1\"><span class=\"s1\">Juni 2026<\/span><\/p>\n<p class=\"p1\"><span class=\"s1\">Anreisetag ist der erste Tag der Gruppe zwischen 16 und 18 Uhr.<\/span><\/p>\n<p class=\"p1\"><span class=\"s1\">Am Abreisetag verabschieden wir uns nach dem Fr\u00fchst\u00fcck.<\/span><\/p>\n<p>&nbsp;<\/p>\n<p class=\"p1\"><span class=\"s1\"><b>Zeitplan<\/b><\/span><\/p>\n<p class=\"p1\"><span class=\"s1\">Wir werden jeden Morgen Satori-Partner\u00fcbungen (Dyaden) und am fr\u00fchen Abend eine Gruppensitzung\/Kommunikationssitzung haben.<\/span><\/p>\n<p class=\"p1\"><span class=\"s1\">Es gibt optionale Yoga-Stunden vor und nach den Sitzungen.<\/span><\/p>\n<p class=\"p1\"><span class=\"s1\">Die restliche Zeit steht Dir zum Sonnenbaden, Wandern oder Schwimmen im Fluss zur Verf\u00fcgung.<\/span><\/p>\n<p class=\"p1\"><span class=\"s1\">Zu den Mahlzeiten werden k\u00f6stliche ayurvedische Speisen serviert.<\/span><\/p>\n<p class=\"p1\"><span class=\"s1\"><i>Die Gruppe wird auf Englisch gehalten<\/i><\/span><\/p>\n<p>&nbsp;<\/p>\n<p><strong>KOSTEN<br \/>\n<\/strong><\/p>\n<p><em><strong>Seminargeb\u00fchr<\/strong><\/em><\/p>\n<p><em><strong>Unterkunft&amp;Verpflegung:<\/strong><\/em><\/p>\n<p class=\"p1\"><span class=\"s1\"><b>ORT<br \/>\n<\/b><\/span><\/p>\n<p>[\/vc_column_text][vc_empty_space height=&#8220;50px&#8220;][\/vc_column][\/vc_row][vc_row foundry_background_style=&#8220;bg-secondary&#8220;][vc_column][vc_column_text]<\/p>\n<h3>BUCHUNG &amp; INFORMATION<\/h3>\n<p class=\"p1\"><span class=\"s1\"><strong>Spencer Barron<\/strong><br \/>\n<\/span><span class=\"s1\"><strong>E-Mail:<\/strong> <a href=\"mailto:spencer@satoriprocess.com\">spencer@satoriprocess.com<\/a><br \/>\n<\/span><span class=\"s1\"><strong>Telefon:<\/strong> +44 7954 375975<\/span><\/p>\n<p>[\/vc_column_text][vc_empty_space height=&#8220;20px&#8220;][\/vc_column][\/vc_row][vc_row foundry_padding=&#8220;pb0&#8243;][vc_column width=&#8220;3\/12&#8243;][\/vc_column][vc_column width=&#8220;6\/12&#8243;][vc_column_text]<\/p>\n<h2 style=\"text-align: center;\">KEEP IN TOUCH<\/h2>\n<h5 class=\"uppercase\" style=\"text-align: center;\"><img decoding=\"async\" loading=\"lazy\" class=\"size-full wp-image-1552 aligncenter\" src=\"https:\/\/www.satoriprocess.com\/wp-content\/uploads\/2020\/01\/intouch.png\" alt=\"\" width=\"35\" height=\"7\" \/><\/h5>\n<p>[\/vc_column_text][vc_raw_html]JTNDJTIxLS0lMjBCZWdpbiUyME1haWxjaGltcCUyMFNpZ251cCUyMEZvcm0lMjAtLSUzRSUwQSUwQSUzQ3N0eWxlJTIwdHlwZSUzRCUyMnRleHQlMkZjc3MlMjIlM0UlMEElMDklMjNtY19lbWJlZF9zaWdudXAlN0JiYWNrZ3JvdW5kJTNBJTIzZmZmJTNCJTIwY2xlYXIlM0FsZWZ0JTNCJTIwZm9udCUzQTE0cHglMjBIZWx2ZXRpY2ElMkNBcmlhbCUyQ3NhbnMtc2VyaWYlM0IlMjAlMjB3aWR0aCUzQTUwMHB4JTNCJTdEJTNDYnIlMjAlMkYlM0UlMDklMkYlMkElMjBBZGQlMjB5b3VyJTIwb3duJTIwTWFpbGNoaW1wJTIwZm9ybSUyMHN0eWxlJTIwb3ZlcnJpZGVzJTIwaW4lMjB5b3VyJTIwc2l0ZSUyMHN0eWxlc2hlZXQlMjBvciUyMGluJTIwdGhpcyUyMHN0eWxlJTIwYmxvY2suJTNDYnIlMjAlMkYlM0UlMDklMjAlMjAlMjBXZSUyMHJlY29tbWVuZCUyMG1vdmluZyUyMHRoaXMlMjBibG9jayUyMGFuZCUyMHRoZSUyMHByZWNlZGluZyUyMENTUyUyMGxpbmslMjB0byUyMHRoZSUyMEhFQUQlMjBvZiUyMHlvdXIlMjBIVE1MJTIwZmlsZS4lMjAlMkElMkYlM0NiciUyMCUyRiUzRSUzQyUyRnN0eWxlJTNFJTBBJTNDZGl2JTIwaWQlM0QlMjJtY19lbWJlZF9zaWdudXAlMjIlM0UlM0Nmb3JtJTIwaWQlM0QlMjJtYy1lbWJlZGRlZC1zdWJzY3JpYmUtZm9ybSUyMiUyMGNsYXNzJTNEJTIydmFsaWRhdGUlMjIlMjBhY3Rpb24lM0QlMjJodHRwcyUzQSUyRiUyRnNhdG9yaXByb2Nlc3MudXMxMy5saXN0LW1hbmFnZS5jb20lMkZzdWJzY3JpYmUlMkZwb3N0JTNGdSUzRGU4Y2E2OGRlOTEyOGVmZTRhZDMzM2Y5OTElMjZhbXAlM0JpZCUzRDg2YzgxN2NmZDclMjZhbXAlM0JmX2lkJTNEMDA3OGUzZTJmMCUyMiUyMG1ldGhvZCUzRCUyMnBvc3QlMjIlMjBuYW1lJTNEJTIybWMtZW1iZWRkZWQtc3Vic2NyaWJlLWZvcm0lMjIlMjBub3ZhbGlkYXRlJTNEJTIyJTIyJTIwdGFyZ2V0JTNEJTIyX2JsYW5rJTIyJTNFJTBBJTNDZGl2JTIwaWQlM0QlMjJtY19lbWJlZF9zaWdudXBfc2Nyb2xsJTIyJTNFJTBBJTNDZGl2JTIwY2xhc3MlM0QlMjJpbmRpY2F0ZXMtcmVxdWlyZWQlMjIlM0UlM0NzcGFuJTIwY2xhc3MlM0QlMjJhc3RlcmlzayUyMiUzRSUyQSUzQyUyRnNwYW4lM0UlMjBpbmRpY2F0ZXMlMjByZXF1aXJlZCUzQyUyRmRpdiUzRSUwQSUzQ2RpdiUyMGNsYXNzJTNEJTIybWMtZmllbGQtZ3JvdXAlMjIlM0UlM0NsYWJlbCUyMGZvciUzRCUyMm1jZS1FTUFJTCUyMiUzRUVtYWlsJTIwQWRkcmVzcyUyMCUzQ3NwYW4lMjBjbGFzcyUzRCUyMmFzdGVyaXNrJTIyJTNFJTJBJTNDJTJGc3BhbiUzRSUwQSUzQyUyRmxhYmVsJTNFJTBBJTNDaW5wdXQlMjBpZCUzRCUyMm1jZS1FTUFJTCUyMiUyMGNsYXNzJTNEJTIycmVxdWlyZWQlMjBlbWFpbCUyMiUyMG5hbWUlM0QlMjJFTUFJTCUyMiUyMHJlcXVpcmVkJTNEJTIyJTIyJTIwdHlwZSUzRCUyMmVtYWlsJTIyJTIwdmFsdWUlM0QlMjIlMjIlMjAlMkYlM0UlMEElM0NzcGFuJTIwaWQlM0QlMjJtY2UtRU1BSUwtSEVMUEVSVEVYVCUyMiUyMGNsYXNzJTNEJTIyaGVscGVyX3RleHQlMjIlM0UlM0MlMkZzcGFuJTNFJTNDJTJGZGl2JTNFJTBBJTNDZGl2JTIwY2xhc3MlM0QlMjJtYy1maWVsZC1ncm91cCUyMiUzRSUzQ2xhYmVsJTIwZm9yJTNEJTIybWNlLUZOQU1FJTIyJTNFRmlyc3QlMjBOYW1lJTIwJTNDJTJGbGFiZWwlM0UlMEElM0NpbnB1dCUyMGlkJTNEJTIybWNlLUZOQU1FJTIyJTIwY2xhc3MlM0QlMjIlMjIlMjBuYW1lJTNEJTIyRk5BTUUlMjIlMjB0eXBlJTNEJTIydGV4dCUyMiUyMHZhbHVlJTNEJTIyJTIyJTIwJTJGJTNFJTBBJTNDc3BhbiUyMGlkJTNEJTIybWNlLUZOQU1FLUhFTFBFUlRFWFQlMjIlMjBjbGFzcyUzRCUyMmhlbHBlcl90ZXh0JTIyJTNFJTNDJTJGc3BhbiUzRSUzQyUyRmRpdiUzRSUwQSUzQ2RpdiUyMGNsYXNzJTNEJTIybWMtZmllbGQtZ3JvdXAlMjIlM0UlM0NsYWJlbCUyMGZvciUzRCUyMm1jZS1MTkFNRSUyMiUzRUxhc3QlMjBOYW1lJTIwJTNDJTJGbGFiZWwlM0UlMEElM0NpbnB1dCUyMGlkJTNEJTIybWNlLUxOQU1FJTIyJTIwY2xhc3MlM0QlMjIlMjIlMjBuYW1lJTNEJTIyTE5BTUUlMjIlMjB0eXBlJTNEJTIydGV4dCUyMiUyMHZhbHVlJTNEJTIyJTIyJTIwJTJGJTNFJTBBJTNDc3BhbiUyMGlkJTNEJTIybWNlLUxOQU1FLUhFTFBFUlRFWFQlMjIlMjBjbGFzcyUzRCUyMmhlbHBlcl90ZXh0JTIyJTNFJTNDJTJGc3BhbiUzRSUzQyUyRmRpdiUzRSUwQSUzQ2RpdiUyMGlkJTNEJTIybWNlLXJlc3BvbnNlcyUyMiUyMGNsYXNzJTNEJTIyY2xlYXIlMjBmb290JTIyJTNFJTBBJTNDZGl2JTIwaWQlM0QlMjJtY2UtZXJyb3ItcmVzcG9uc2UlMjIlMjBjbGFzcyUzRCUyMnJlc3BvbnNlJTIyJTIwc3R5bGUlM0QlMjJkaXNwbGF5JTNBJTIwbm9uZSUzQiUyMiUzRSUzQyUyRmRpdiUzRSUwQSUzQ2RpdiUyMGlkJTNEJTIybWNlLXN1Y2Nlc3MtcmVzcG9uc2UlMjIlMjBjbGFzcyUzRCUyMnJlc3BvbnNlJTIyJTIwc3R5bGUlM0QlMjJkaXNwbGF5JTNBJTIwbm9uZSUzQiUyMiUzRSUzQyUyRmRpdiUzRSUwQSUzQyUyRmRpdiUzRSUwQSUzQyUyMS0tJTIwcmVhbCUyMHBlb3BsZSUyMHNob3VsZCUyMG5vdCUyMGZpbGwlMjB0aGlzJTIwaW4lMjBhbmQlMjBleHBlY3QlMjBnb29kJTIwdGhpbmdzJTIwLSUyMGRvJTIwbm90JTIwcmVtb3ZlJTIwdGhpcyUyMG9yJTIwcmlzayUyMGZvcm0lMjBib3QlMjBzaWdudXBzLS0lM0UlMEElM0NkaXYlMjBzdHlsZSUzRCUyMnBvc2l0aW9uJTNBJTIwYWJzb2x1dGUlM0IlMjBsZWZ0JTNBJTIwLTUwMDBweCUzQiUyMiUyMGFyaWEtaGlkZGVuJTNEJTIydHJ1ZSUyMiUzRSUzQ2lucHV0JTIwdGFiaW5kZXglM0QlMjItMSUyMiUyMG5hbWUlM0QlMjJiX2U4Y2E2OGRlOTEyOGVmZTRhZDMzM2Y5OTFfODZjODE3Y2ZkNyUyMiUyMHR5cGUlM0QlMjJ0ZXh0JTIyJTIwdmFsdWUlM0QlMjIlMjIlMjAlMkYlM0UlM0MlMkZkaXYlM0UlMEElM0NkaXYlMjBjbGFzcyUzRCUyMm9wdGlvbmFsUGFyZW50JTIyJTNFJTBBJTNDZGl2JTIwY2xhc3MlM0QlMjJjbGVhciUyMGZvb3QlMjIlM0UlMEElMEElM0NpbnB1dCUyMGlkJTNEJTIybWMtZW1iZWRkZWQtc3Vic2NyaWJlJTIyJTIwY2xhc3MlM0QlMjJidXR0b24lMjIlMjBuYW1lJTNEJTIyc3Vic2NyaWJlJTIyJTIwdHlwZSUzRCUyMnN1Ym1pdCUyMiUyMHZhbHVlJTNEJTIyU3Vic2NyaWJlJTIyJTIwJTJGJTNFJTBBJTNDcCUyMGNsYXNzJTNEJTIyYnJhbmRpbmdMb2dvJTIyJTNFJTNDYSUyMHRpdGxlJTNEJTIyTWFpbGNoaW1wJTIwLSUyMGVtYWlsJTIwbWFya2V0aW5nJTIwbWFkZSUyMGVhc3klMjBhbmQlMjBmdW4lMjIlMjBocmVmJTNEJTIyaHR0cCUzQSUyRiUyRmVlcHVybC5jb20lMkZpa25VX24lMjIlM0UlM0NpbWclMjBzcmMlM0QlMjJodHRwcyUzQSUyRiUyRmVlcC5pbyUyRm1jLWNkbi1pbWFnZXMlMkZ0ZW1wbGF0ZV9pbWFnZXMlMkZicmFuZGluZ19sb2dvX3RleHRfZGFya19kdHAuc3ZnJTIyJTIwJTJGJTNFJTNDJTJGYSUzRSUzQyUyRnAlM0UlMEElMEElM0MlMkZkaXYlM0UlMEElM0MlMkZkaXYlM0UlMEElM0MlMkZkaXYlM0UlMEElM0MlMkZmb3JtJTNFJTNDJTJGZGl2JTNFJTBBJTNDc2NyaXB0JTIwdHlwZSUzRCUyN3RleHQlMkZqYXZhc2NyaXB0JTI3JTIwc3JjJTNEJTI3JTJGJTJGczMuYW1hem9uYXdzLmNvbSUyRmRvd25sb2Fkcy5tYWlsY2hpbXAuY29tJTJGanMlMkZtYy12YWxpZGF0ZS5qcyUyNyUzRSUzQyUyRnNjcmlwdCUzRSUzQ3NjcmlwdCUyMHR5cGUlM0QlMjd0ZXh0JTJGamF2YXNjcmlwdCUyNyUzRSUyOGZ1bmN0aW9uJTI4JTI0JTI5JTIwJTdCd2luZG93LmZuYW1lcyUyMCUzRCUyMG5ldyUyMEFycmF5JTI4JTI5JTNCJTIwd2luZG93LmZ0eXBlcyUyMCUzRCUyMG5ldyUyMEFycmF5JTI4JTI5JTNCZm5hbWVzJTVCMCU1RCUzRCUyN0VNQUlMJTI3JTNCZnR5cGVzJTVCMCU1RCUzRCUyN2VtYWlsJTI3JTNCZm5hbWVzJTVCMSU1RCUzRCUyN0ZOQU1FJTI3JTNCZnR5cGVzJTVCMSU1RCUzRCUyN3RleHQlMjclM0JmbmFtZXMlNUIyJTVEJTNEJTI3TE5BTUUlMjclM0JmdHlwZXMlNUIyJTVEJTNEJTI3dGV4dCUyNyUzQiU3RCUyOGpRdWVyeSUyOSUyOSUzQnZhciUyMCUyNG1jaiUyMCUzRCUyMGpRdWVyeS5ub0NvbmZsaWN0JTI4dHJ1ZSUyOSUzQiUzQyUyRnNjcmlwdCUzRSUwQSUzQyUyMS0tRW5kJTIwbWNfZW1iZWRfc2lnbnVwLS0lM0UlMEElMEElM0MlMjEtLUVuZCUyMG1jX2VtYmVkX3NpZ251cC0tJTNF[\/vc_raw_html][\/vc_column][vc_column width=&#8220;3\/12&#8243;][\/vc_column][\/vc_row][vc_row foundry_padding=&#8220;pt64 pb64&#8243; css=&#8220;.vc_custom_1580823048408{background-image: url(https:\/\/www.satoriprocess.com\/wp-content\/uploads\/2020\/01\/AdobeStock_296525291-scaled-e1580498541294.jpeg?id=1536) !important;}&#8220;][vc_column width=&#8220;1\/6&#8243;][\/vc_column][vc_column width=&#8220;2\/3&#8243;][vc_empty_space]\t\n\t<div class=\"text-slider slider-paging-controls text-center relative\">\n\t    <ul class=\"slides\">\n\t        <li>\n\t<h5>Satori ist f\u00fcr mich vor allem ein Heilungsprozess<\/h5>\n    <div class=\"quote-author\">\n        <h6 class=\"uppercase mb0\">Jana L.<\/h6><span><\/span>    <\/div>\n<\/li><li>\n\t<h5>Ich nehme alle 2 Jahre teil \u2013 f\u00fcr die tiefe Seelenhygiene.\r\nDer Rahmen ist so ausgelegt, dass ich einerseits gut gehalten werde, und andererseits nicht vor mir selbst fliehen kann.\r\nDieses tiefe Commitment zu mir selbst wie zu anderen, er\u00f6ffnet in mir eine ungeahnte Lebendigkeit.<\/h5>\n    <div class=\"quote-author\">\n        <h6 class=\"uppercase mb0\">Daniel K.<\/h6><span><\/span>    <\/div>\n<\/li><li>\n\t<h5>Der Satori-Prozess hat mir immer wieder geholfen, ganz zu mir zu kommen.<\/h5>\n    <div class=\"quote-author\">\n        <h6 class=\"uppercase mb0\">Nils C.<\/h6><span><\/span>    <\/div>\n<\/li><li>\n\t<h5>...Ich w\u00fcrde es wieder machen! Die Disziplin die man mitbringen muss, zahlt sich doppelt und dreifach aus. Dadurch, dass man sich selbst neu\/n\u00e4her kennen lernt, bewusster wird sowie durch den hohen inneren Energieaufbau.\r\n&nbsp;<\/h5>\n    <div class=\"quote-author\">\n        <h6 class=\"uppercase mb0\">Daniel B.<\/h6><span><\/span>    <\/div>\n<\/li><li>\n\t<h5>Wer bin ich? Die erste und wichtigste Frage beim Satori-Prozess. Eine m\u00fchsame, oft tagelange Suche \u2013 bis ich pl\u00f6tzlich erkenne, dass die Antwort schon immer da war \u2013 nur ich selbst war immer woanders. Es ist wie ein\r\nNachhause-Kommen.<\/h5>\n    <div class=\"quote-author\">\n        <h6 class=\"uppercase mb0\">Peter B.<\/h6><span><\/span>    <\/div>\n<\/li><li>\n\t<h5>Die Dyaden (intensiver Zweieraustausch ) aus dem Satori Prozess fand ich so gro\u00dfartig, intensiv und effektiv, dass ich sie seitdem in meine therapeutische Arbeit einbeziehe, besonders in die Paararbeit.<\/h5>\n    <div class=\"quote-author\">\n        <h6 class=\"uppercase mb0\">Christiane B.<\/h6><span><\/span>    <\/div>\n<\/li>\t    <\/ul>\n\t<\/div>\n\t\n[vc_empty_space][\/vc_column][vc_column width=&#8220;1\/6&#8243;][\/vc_column][\/vc_row]<\/p>\n","protected":false},"excerpt":{"rendered":"<p>[vc_row foundry_parallax=&#8220;not-parallax&#8220; css=&#8220;.vc_custom_1675175674095{background-image: url(https:\/\/www.satoriprocess.com\/wp-content\/uploads\/2023\/01\/House-Sars-scaled-e1675096057125.jpg?id=2648) !important;}&#8220;][vc_column][\/vc_column][\/vc_row][vc_row foundry_padding=&#8220;pb0&#8243;][vc_column][vc_column_text el_id=&#8220;#theprocess&#8220;] SATORI&amp;SHARING\u00a0 RETREAT\u00a0 Juni 2026 Wir laden Dich zu diesem besonderen 10-t\u00e4gigen Satori&amp;Sharing Retreat ein&#8230;.<\/p>\n","protected":false},"author":1,"featured_media":0,"parent":0,"menu_order":4,"comment_status":"closed","ping_status":"closed","template":"","meta":[],"yoast_head":"<!-- This site is optimized with the Yoast SEO plugin v20.3 - https:\/\/yoast.com\/wordpress\/plugins\/seo\/ -->\n<title>SATORI&amp;SHARING GROUP WEEK IN SOUTH FRANCE - The Satori Process<\/title>\n<meta name=\"description\" content=\"10. - 17. Juni 2023, Gardoussel, Frankreich. Wir laden Dich zu diesem besonderen 7-t\u00e4gigen Satori&amp;Sharing Retreat in S\u00fcdfrankreich ein.\" \/>\n<meta name=\"robots\" content=\"index, follow, max-snippet:-1, max-image-preview:large, max-video-preview:-1\" \/>\n<link rel=\"canonical\" href=\"https:\/\/www.satoriprocess.com\/de\/satorisharing-group-week\/\" \/>\n<meta property=\"og:locale\" content=\"de_DE\" \/>\n<meta property=\"og:type\" content=\"article\" \/>\n<meta property=\"og:title\" content=\"SATORI&amp;SHARING GROUP WEEK IN SOUTH FRANCE - The Satori Process\" \/>\n<meta property=\"og:description\" content=\"10. - 17. Juni 2023, Gardoussel, Frankreich. Wir laden Dich zu diesem besonderen 7-t\u00e4gigen Satori&amp;Sharing Retreat in S\u00fcdfrankreich ein.\" \/>\n<meta property=\"og:url\" content=\"https:\/\/www.satoriprocess.com\/de\/satorisharing-group-week\/\" \/>\n<meta property=\"og:site_name\" content=\"The Satori Process\" \/>\n<meta property=\"article:modified_time\" content=\"2025-10-05T09:54:16+00:00\" \/>\n<meta property=\"og:image\" content=\"https:\/\/www.satoriprocess.com\/wp-content\/uploads\/2020\/01\/divider-1.png\" \/>\n<meta name=\"twitter:card\" content=\"summary_large_image\" \/>\n<meta name=\"twitter:label1\" content=\"Gesch\u00e4tzte Lesezeit\" \/>\n\t<meta name=\"twitter:data1\" content=\"2\u00a0Minuten\" \/>\n<script type=\"application\/ld+json\" class=\"yoast-schema-graph\">{\"@context\":\"https:\/\/schema.org\",\"@graph\":[{\"@type\":\"WebPage\",\"@id\":\"https:\/\/www.satoriprocess.com\/de\/satorisharing-group-week\/\",\"url\":\"https:\/\/www.satoriprocess.com\/de\/satorisharing-group-week\/\",\"name\":\"SATORI&SHARING GROUP WEEK IN SOUTH FRANCE - The Satori Process\",\"isPartOf\":{\"@id\":\"https:\/\/www.satoriprocess.com\/#website\"},\"datePublished\":\"2023-01-30T16:21:30+00:00\",\"dateModified\":\"2025-10-05T09:54:16+00:00\",\"description\":\"10. - 17. Juni 2023, Gardoussel, Frankreich. Wir laden Dich zu diesem besonderen 7-t\u00e4gigen Satori&Sharing Retreat in S\u00fcdfrankreich ein.\",\"breadcrumb\":{\"@id\":\"https:\/\/www.satoriprocess.com\/de\/satorisharing-group-week\/#breadcrumb\"},\"inLanguage\":\"de\",\"potentialAction\":[{\"@type\":\"ReadAction\",\"target\":[\"https:\/\/www.satoriprocess.com\/de\/satorisharing-group-week\/\"]}]},{\"@type\":\"BreadcrumbList\",\"@id\":\"https:\/\/www.satoriprocess.com\/de\/satorisharing-group-week\/#breadcrumb\",\"itemListElement\":[{\"@type\":\"ListItem\",\"position\":1,\"name\":\"Home\",\"item\":\"https:\/\/www.satoriprocess.com\/de\/\"},{\"@type\":\"ListItem\",\"position\":2,\"name\":\"SATORI&#038;SHARING RETREAT\"}]},{\"@type\":\"WebSite\",\"@id\":\"https:\/\/www.satoriprocess.com\/#website\",\"url\":\"https:\/\/www.satoriprocess.com\/\",\"name\":\"The Satori Process\",\"description\":\"The Satori Process is a special meditation technique which allows a peak experience and provides a microcosmic look at basic life patterns and attitudes.\",\"potentialAction\":[{\"@type\":\"SearchAction\",\"target\":{\"@type\":\"EntryPoint\",\"urlTemplate\":\"https:\/\/www.satoriprocess.com\/?s={search_term_string}\"},\"query-input\":\"required name=search_term_string\"}],\"inLanguage\":\"de\"}]}<\/script>\n<!-- \/ Yoast SEO plugin. -->","yoast_head_json":{"title":"SATORI&SHARING GROUP WEEK IN SOUTH FRANCE - The Satori Process","description":"10. - 17. Juni 2023, Gardoussel, Frankreich. Wir laden Dich zu diesem besonderen 7-t\u00e4gigen Satori&Sharing Retreat in S\u00fcdfrankreich ein.","robots":{"index":"index","follow":"follow","max-snippet":"max-snippet:-1","max-image-preview":"max-image-preview:large","max-video-preview":"max-video-preview:-1"},"canonical":"https:\/\/www.satoriprocess.com\/de\/satorisharing-group-week\/","og_locale":"de_DE","og_type":"article","og_title":"SATORI&SHARING GROUP WEEK IN SOUTH FRANCE - The Satori Process","og_description":"10. - 17. Juni 2023, Gardoussel, Frankreich. Wir laden Dich zu diesem besonderen 7-t\u00e4gigen Satori&Sharing Retreat in S\u00fcdfrankreich ein.","og_url":"https:\/\/www.satoriprocess.com\/de\/satorisharing-group-week\/","og_site_name":"The Satori Process","article_modified_time":"2025-10-05T09:54:16+00:00","og_image":[{"url":"https:\/\/www.satoriprocess.com\/wp-content\/uploads\/2020\/01\/divider-1.png"}],"twitter_card":"summary_large_image","twitter_misc":{"Gesch\u00e4tzte Lesezeit":"2\u00a0Minuten"},"schema":{"@context":"https:\/\/schema.org","@graph":[{"@type":"WebPage","@id":"https:\/\/www.satoriprocess.com\/de\/satorisharing-group-week\/","url":"https:\/\/www.satoriprocess.com\/de\/satorisharing-group-week\/","name":"SATORI&SHARING GROUP WEEK IN SOUTH FRANCE - The Satori Process","isPartOf":{"@id":"https:\/\/www.satoriprocess.com\/#website"},"datePublished":"2023-01-30T16:21:30+00:00","dateModified":"2025-10-05T09:54:16+00:00","description":"10. - 17. Juni 2023, Gardoussel, Frankreich. Wir laden Dich zu diesem besonderen 7-t\u00e4gigen Satori&Sharing Retreat in S\u00fcdfrankreich ein.","breadcrumb":{"@id":"https:\/\/www.satoriprocess.com\/de\/satorisharing-group-week\/#breadcrumb"},"inLanguage":"de","potentialAction":[{"@type":"ReadAction","target":["https:\/\/www.satoriprocess.com\/de\/satorisharing-group-week\/"]}]},{"@type":"BreadcrumbList","@id":"https:\/\/www.satoriprocess.com\/de\/satorisharing-group-week\/#breadcrumb","itemListElement":[{"@type":"ListItem","position":1,"name":"Home","item":"https:\/\/www.satoriprocess.com\/de\/"},{"@type":"ListItem","position":2,"name":"SATORI&#038;SHARING RETREAT"}]},{"@type":"WebSite","@id":"https:\/\/www.satoriprocess.com\/#website","url":"https:\/\/www.satoriprocess.com\/","name":"The Satori Process","description":"The Satori Process is a special meditation technique which allows a peak experience and provides a microcosmic look at basic life patterns and attitudes.","potentialAction":[{"@type":"SearchAction","target":{"@type":"EntryPoint","urlTemplate":"https:\/\/www.satoriprocess.com\/?s={search_term_string}"},"query-input":"required name=search_term_string"}],"inLanguage":"de"}]}},"_links":{"self":[{"href":"https:\/\/www.satoriprocess.com\/de\/wp-json\/wp\/v2\/pages\/2635"}],"collection":[{"href":"https:\/\/www.satoriprocess.com\/de\/wp-json\/wp\/v2\/pages"}],"about":[{"href":"https:\/\/www.satoriprocess.com\/de\/wp-json\/wp\/v2\/types\/page"}],"author":[{"embeddable":true,"href":"https:\/\/www.satoriprocess.com\/de\/wp-json\/wp\/v2\/users\/1"}],"replies":[{"embeddable":true,"href":"https:\/\/www.satoriprocess.com\/de\/wp-json\/wp\/v2\/comments?post=2635"}],"version-history":[{"count":11,"href":"https:\/\/www.satoriprocess.com\/de\/wp-json\/wp\/v2\/pages\/2635\/revisions"}],"predecessor-version":[{"id":3245,"href":"https:\/\/www.satoriprocess.com\/de\/wp-json\/wp\/v2\/pages\/2635\/revisions\/3245"}],"wp:attachment":[{"href":"https:\/\/www.satoriprocess.com\/de\/wp-json\/wp\/v2\/media?parent=2635"}],"curies":[{"name":"wp","href":"https:\/\/api.w.org\/{rel}","templated":true}]}}