{"id":2478,"date":"2022-05-24T14:34:45","date_gmt":"2022-05-24T12:34:45","guid":{"rendered":"https:\/\/www.satoriprocess.com\/?page_id=2478"},"modified":"2025-10-05T11:31:52","modified_gmt":"2025-10-05T09:31:52","slug":"satori-wochenende-berlin-2025","status":"publish","type":"page","link":"https:\/\/www.satoriprocess.com\/de\/satori-wochenende-berlin-2025\/","title":{"rendered":"SATORI WOCHENENDE BERLIN 2026"},"content":{"rendered":"<p>[vc_row foundry_parallax=&#8220;not-parallax&#8220; css=&#8220;.vc_custom_1736935586716{background-image: url(https:\/\/www.satoriprocess.com\/wp-content\/uploads\/2025\/01\/Berlin-Design-scaled-e1736851636510-1.jpg?id=3114) !important;}&#8220;][vc_column]<section class=\"cover  image-slider slider-all-controls controls-inside parallax\" style=\"height: 250px;\"><ul class=\"slides\"><\/ul><\/section>[\/vc_column][\/vc_row][vc_row foundry_padding=&#8220;pb0&#8243;][vc_column][vc_column_text el_id=&#8220;#theprocess&#8220;]<\/p>\n<h2 class=\"uppercase mb40 mb-xs-24\" style=\"text-align: left;\">Satori Intensiv-Wochende Berlin<\/h2>\n<h3 class=\"uppercase mb40 mb-xs-24\" style=\"text-align: left;\"><img decoding=\"async\" loading=\"lazy\" class=\"size-full wp-image-1456 alignnone\" src=\"https:\/\/www.satoriprocess.com\/wp-content\/uploads\/2020\/01\/divider-1.png\" alt=\"\" width=\"49\" height=\"29\" \/><\/h3>\n<h4 style=\"text-align: left;\"><strong>27. &#8211; 29.M\u00e4rz 2026<br \/>\n<\/strong><strong>Remise an der Marie, Berlin\/Prenzlauer Berg<\/strong><\/h4>\n<p>Herzlich Willkommen zu einem Satori-Wochenende in Berlin!<\/p>\n<p>Obwohl wir alle Momente kennen, in denen unsere Pers\u00f6nlichkeit still wird und den Blick auf das &#8222;wahre Selbst&#8220; erlaubt, wird unsere Selbstwahrnehmung oft durch kritische innere Stimmen oder einschr\u00e4nkende Glaubenss\u00e4tze beeinflusst. <span class=\"Apple-converted-space\">\u00a0<\/span><\/p>\n<p>Der Satori-Prozess ist darauf ausgelegt, Dir eine Erfahrung Deiner einzigartigen, wahren Natur zu erm\u00f6glichen. Die Kommunikation in Dyaden l\u00e4dt Dich ein, auszudr\u00fccken, Wer Du jetzt gerade bist &#8211; und gleichzeitig die Wahrheit anderer zu erfahren.<\/p>\n<p>Allen, die den Satori Prozess kennenlernen wollen, bietet dieses Wochenende eine gute M\u00f6glichkeit, die Vorteile dieser einzigartigen Arbeit zu erleben. Erfahrene Satori-Teilnehmer k\u00f6nnen diese wertvolle Gelegenheit n\u00fctzen, um die Arbeit mit ihrer Frage zu intensivieren.[\/vc_column_text][vc_empty_space height=&#8220;30px&#8220;][vc_row_inner equal_height=&#8220;yes&#8220;][vc_column_inner width=&#8220;1\/3&#8243;][vc_single_image image=&#8220;3098&#8243; img_size=&#8220;360&#215;272&#8243;][\/vc_column_inner][\/vc_row_inner][vc_empty_space height=&#8220;30px&#8220;][vc_column_text]<\/p>\n<h3>N\u00c4HERE INFORMATION<em><br \/>\n<\/em><\/h3>\n<p class=\"p1\"><strong>ORT<\/strong><\/p>\n<p>Remise an der Marie<\/p>\n<p>Marienburger Str. 5a, 2. Hof,<\/p>\n<p>10405 Berlin<\/p>\n<p>&nbsp;<\/p>\n<p class=\"p1\"><strong>TERMINE &amp; ZEITPLAN<\/strong><\/p>\n<p class=\"p1\"><span class=\"s1\">Freitag 27.3., \u00a019:00 \u2013 21:00 Uhr<br \/>\n<\/span><span class=\"s1\">Einf\u00fchrungsabend mit Kommunikations\u00fcbungen<\/span><\/p>\n<p class=\"p1\"><span class=\"s1\">Samstag 28.3., 10 \u2013 18 Uhr<br \/>\n<\/span><span class=\"s1\">Morgens und nachmittags Kommunikations\u00fcbungen, dazwischen Gehmeditation, stilles Mittagessen\/Ruhezeit,<\/span><\/p>\n<p class=\"p1\"><span class=\"s1\">Sonntag 29.3., \u00a010 \u2013 14 Uhr<br \/>\n<\/span><span class=\"s1\">Kommunikations\u00fcbungen, Abschluss<\/span><\/p>\n<p class=\"p1\"><strong>KOSTEN<\/strong><\/p>\n<p>Vollpreis: 290\u20ac<\/p>\n<p>Fr\u00fchbucherrabatt (bis 31.1.): 250\u20ac<\/p>\n<p><strong>\u00a0<\/strong><em>Der Workshop wird auf Deutsch gehalten<\/em>[\/vc_column_text][vc_empty_space height=&#8220;50px&#8220;][\/vc_column][\/vc_row][vc_row foundry_background_style=&#8220;bg-secondary&#8220;][vc_column][vc_column_text]<\/p>\n<h3>BUCHUNG &amp; INFORMATION<\/h3>\n<div><strong>Esther H. Norman<\/strong><br \/>\nTel. +49 30-693 6299<\/div>\n<div>Mobil +49 177-502 7503<br \/>\n<a href=\"mailto:info@esther-norman.de\">info@esther-norman.de<\/a><br \/>\n<a href=\"http:\/\/www.esther-norman.de\">www.esther-norman.de\u00a0<\/a><\/div>\n<div><\/div>\n<p>[\/vc_column_text][vc_empty_space height=&#8220;50px&#8220;][\/vc_column][\/vc_row][vc_row foundry_padding=&#8220;pb0&#8243;][vc_column width=&#8220;3\/12&#8243;][\/vc_column][vc_column width=&#8220;6\/12&#8243;][vc_column_text]<\/p>\n<h2 style=\"text-align: center;\">KEEP IN TOUCH<\/h2>\n<h5 class=\"uppercase\" style=\"text-align: center;\"><img decoding=\"async\" loading=\"lazy\" class=\"size-full wp-image-1552 aligncenter\" src=\"https:\/\/www.satoriprocess.com\/wp-content\/uploads\/2020\/01\/intouch.png\" alt=\"\" width=\"35\" height=\"7\" \/><\/h5>\n<p>[\/vc_column_text][vc_raw_html]JTNDJTIxLS0lMjBCZWdpbiUyME1haWxjaGltcCUyMFNpZ251cCUyMEZvcm0lMjAtLSUzRSUwQSUwQSUzQ3N0eWxlJTIwdHlwZSUzRCUyMnRleHQlMkZjc3MlMjIlM0UlMEElMDklMjNtY19lbWJlZF9zaWdudXAlN0JiYWNrZ3JvdW5kJTNBJTIzZmZmJTNCJTIwY2xlYXIlM0FsZWZ0JTNCJTIwZm9udCUzQTE0cHglMjBIZWx2ZXRpY2ElMkNBcmlhbCUyQ3NhbnMtc2VyaWYlM0IlMjAlMjB3aWR0aCUzQTUwMHB4JTNCJTdEJTNDYnIlMjAlMkYlM0UlMDklMkYlMkElMjBBZGQlMjB5b3VyJTIwb3duJTIwTWFpbGNoaW1wJTIwZm9ybSUyMHN0eWxlJTIwb3ZlcnJpZGVzJTIwaW4lMjB5b3VyJTIwc2l0ZSUyMHN0eWxlc2hlZXQlMjBvciUyMGluJTIwdGhpcyUyMHN0eWxlJTIwYmxvY2suJTNDYnIlMjAlMkYlM0UlMDklMjAlMjAlMjBXZSUyMHJlY29tbWVuZCUyMG1vdmluZyUyMHRoaXMlMjBibG9jayUyMGFuZCUyMHRoZSUyMHByZWNlZGluZyUyMENTUyUyMGxpbmslMjB0byUyMHRoZSUyMEhFQUQlMjBvZiUyMHlvdXIlMjBIVE1MJTIwZmlsZS4lMjAlMkElMkYlM0NiciUyMCUyRiUzRSUzQyUyRnN0eWxlJTNFJTBBJTNDZGl2JTIwaWQlM0QlMjJtY19lbWJlZF9zaWdudXAlMjIlM0UlM0Nmb3JtJTIwaWQlM0QlMjJtYy1lbWJlZGRlZC1zdWJzY3JpYmUtZm9ybSUyMiUyMGNsYXNzJTNEJTIydmFsaWRhdGUlMjIlMjBhY3Rpb24lM0QlMjJodHRwcyUzQSUyRiUyRnNhdG9yaXByb2Nlc3MudXMxMy5saXN0LW1hbmFnZS5jb20lMkZzdWJzY3JpYmUlMkZwb3N0JTNGdSUzRGU4Y2E2OGRlOTEyOGVmZTRhZDMzM2Y5OTElMjZhbXAlM0JpZCUzRDg2YzgxN2NmZDclMjZhbXAlM0JmX2lkJTNEMDA3OGUzZTJmMCUyMiUyMG1ldGhvZCUzRCUyMnBvc3QlMjIlMjBuYW1lJTNEJTIybWMtZW1iZWRkZWQtc3Vic2NyaWJlLWZvcm0lMjIlMjBub3ZhbGlkYXRlJTNEJTIyJTIyJTIwdGFyZ2V0JTNEJTIyX2JsYW5rJTIyJTNFJTBBJTNDZGl2JTIwaWQlM0QlMjJtY19lbWJlZF9zaWdudXBfc2Nyb2xsJTIyJTNFJTBBJTNDZGl2JTIwY2xhc3MlM0QlMjJpbmRpY2F0ZXMtcmVxdWlyZWQlMjIlM0UlM0NzcGFuJTIwY2xhc3MlM0QlMjJhc3RlcmlzayUyMiUzRSUyQSUzQyUyRnNwYW4lM0UlMjBpbmRpY2F0ZXMlMjByZXF1aXJlZCUzQyUyRmRpdiUzRSUwQSUzQ2RpdiUyMGNsYXNzJTNEJTIybWMtZmllbGQtZ3JvdXAlMjIlM0UlM0NsYWJlbCUyMGZvciUzRCUyMm1jZS1FTUFJTCUyMiUzRUVtYWlsJTIwQWRkcmVzcyUyMCUzQ3NwYW4lMjBjbGFzcyUzRCUyMmFzdGVyaXNrJTIyJTNFJTJBJTNDJTJGc3BhbiUzRSUwQSUzQyUyRmxhYmVsJTNFJTBBJTNDaW5wdXQlMjBpZCUzRCUyMm1jZS1FTUFJTCUyMiUyMGNsYXNzJTNEJTIycmVxdWlyZWQlMjBlbWFpbCUyMiUyMG5hbWUlM0QlMjJFTUFJTCUyMiUyMHJlcXVpcmVkJTNEJTIyJTIyJTIwdHlwZSUzRCUyMmVtYWlsJTIyJTIwdmFsdWUlM0QlMjIlMjIlMjAlMkYlM0UlMEElM0NzcGFuJTIwaWQlM0QlMjJtY2UtRU1BSUwtSEVMUEVSVEVYVCUyMiUyMGNsYXNzJTNEJTIyaGVscGVyX3RleHQlMjIlM0UlM0MlMkZzcGFuJTNFJTNDJTJGZGl2JTNFJTBBJTNDZGl2JTIwY2xhc3MlM0QlMjJtYy1maWVsZC1ncm91cCUyMiUzRSUzQ2xhYmVsJTIwZm9yJTNEJTIybWNlLUZOQU1FJTIyJTNFRmlyc3QlMjBOYW1lJTIwJTNDJTJGbGFiZWwlM0UlMEElM0NpbnB1dCUyMGlkJTNEJTIybWNlLUZOQU1FJTIyJTIwY2xhc3MlM0QlMjIlMjIlMjBuYW1lJTNEJTIyRk5BTUUlMjIlMjB0eXBlJTNEJTIydGV4dCUyMiUyMHZhbHVlJTNEJTIyJTIyJTIwJTJGJTNFJTBBJTNDc3BhbiUyMGlkJTNEJTIybWNlLUZOQU1FLUhFTFBFUlRFWFQlMjIlMjBjbGFzcyUzRCUyMmhlbHBlcl90ZXh0JTIyJTNFJTNDJTJGc3BhbiUzRSUzQyUyRmRpdiUzRSUwQSUzQ2RpdiUyMGNsYXNzJTNEJTIybWMtZmllbGQtZ3JvdXAlMjIlM0UlM0NsYWJlbCUyMGZvciUzRCUyMm1jZS1MTkFNRSUyMiUzRUxhc3QlMjBOYW1lJTIwJTNDJTJGbGFiZWwlM0UlMEElM0NpbnB1dCUyMGlkJTNEJTIybWNlLUxOQU1FJTIyJTIwY2xhc3MlM0QlMjIlMjIlMjBuYW1lJTNEJTIyTE5BTUUlMjIlMjB0eXBlJTNEJTIydGV4dCUyMiUyMHZhbHVlJTNEJTIyJTIyJTIwJTJGJTNFJTBBJTNDc3BhbiUyMGlkJTNEJTIybWNlLUxOQU1FLUhFTFBFUlRFWFQlMjIlMjBjbGFzcyUzRCUyMmhlbHBlcl90ZXh0JTIyJTNFJTNDJTJGc3BhbiUzRSUzQyUyRmRpdiUzRSUwQSUzQ2RpdiUyMGlkJTNEJTIybWNlLXJlc3BvbnNlcyUyMiUyMGNsYXNzJTNEJTIyY2xlYXIlMjBmb290JTIyJTNFJTBBJTNDZGl2JTIwaWQlM0QlMjJtY2UtZXJyb3ItcmVzcG9uc2UlMjIlMjBjbGFzcyUzRCUyMnJlc3BvbnNlJTIyJTIwc3R5bGUlM0QlMjJkaXNwbGF5JTNBJTIwbm9uZSUzQiUyMiUzRSUzQyUyRmRpdiUzRSUwQSUzQ2RpdiUyMGlkJTNEJTIybWNlLXN1Y2Nlc3MtcmVzcG9uc2UlMjIlMjBjbGFzcyUzRCUyMnJlc3BvbnNlJTIyJTIwc3R5bGUlM0QlMjJkaXNwbGF5JTNBJTIwbm9uZSUzQiUyMiUzRSUzQyUyRmRpdiUzRSUwQSUzQyUyRmRpdiUzRSUwQSUzQyUyMS0tJTIwcmVhbCUyMHBlb3BsZSUyMHNob3VsZCUyMG5vdCUyMGZpbGwlMjB0aGlzJTIwaW4lMjBhbmQlMjBleHBlY3QlMjBnb29kJTIwdGhpbmdzJTIwLSUyMGRvJTIwbm90JTIwcmVtb3ZlJTIwdGhpcyUyMG9yJTIwcmlzayUyMGZvcm0lMjBib3QlMjBzaWdudXBzLS0lM0UlMEElM0NkaXYlMjBzdHlsZSUzRCUyMnBvc2l0aW9uJTNBJTIwYWJzb2x1dGUlM0IlMjBsZWZ0JTNBJTIwLTUwMDBweCUzQiUyMiUyMGFyaWEtaGlkZGVuJTNEJTIydHJ1ZSUyMiUzRSUzQ2lucHV0JTIwdGFiaW5kZXglM0QlMjItMSUyMiUyMG5hbWUlM0QlMjJiX2U4Y2E2OGRlOTEyOGVmZTRhZDMzM2Y5OTFfODZjODE3Y2ZkNyUyMiUyMHR5cGUlM0QlMjJ0ZXh0JTIyJTIwdmFsdWUlM0QlMjIlMjIlMjAlMkYlM0UlM0MlMkZkaXYlM0UlMEElM0NkaXYlMjBjbGFzcyUzRCUyMm9wdGlvbmFsUGFyZW50JTIyJTNFJTBBJTNDZGl2JTIwY2xhc3MlM0QlMjJjbGVhciUyMGZvb3QlMjIlM0UlMEElMEElM0NpbnB1dCUyMGlkJTNEJTIybWMtZW1iZWRkZWQtc3Vic2NyaWJlJTIyJTIwY2xhc3MlM0QlMjJidXR0b24lMjIlMjBuYW1lJTNEJTIyc3Vic2NyaWJlJTIyJTIwdHlwZSUzRCUyMnN1Ym1pdCUyMiUyMHZhbHVlJTNEJTIyU3Vic2NyaWJlJTIyJTIwJTJGJTNFJTBBJTNDcCUyMGNsYXNzJTNEJTIyYnJhbmRpbmdMb2dvJTIyJTNFJTNDYSUyMHRpdGxlJTNEJTIyTWFpbGNoaW1wJTIwLSUyMGVtYWlsJTIwbWFya2V0aW5nJTIwbWFkZSUyMGVhc3klMjBhbmQlMjBmdW4lMjIlMjBocmVmJTNEJTIyaHR0cCUzQSUyRiUyRmVlcHVybC5jb20lMkZpa25VX24lMjIlM0UlM0NpbWclMjBzcmMlM0QlMjJodHRwcyUzQSUyRiUyRmVlcC5pbyUyRm1jLWNkbi1pbWFnZXMlMkZ0ZW1wbGF0ZV9pbWFnZXMlMkZicmFuZGluZ19sb2dvX3RleHRfZGFya19kdHAuc3ZnJTIyJTIwJTJGJTNFJTNDJTJGYSUzRSUzQyUyRnAlM0UlMEElMEElM0MlMkZkaXYlM0UlMEElM0MlMkZkaXYlM0UlMEElM0MlMkZkaXYlM0UlMEElM0MlMkZmb3JtJTNFJTNDJTJGZGl2JTNFJTBBJTNDc2NyaXB0JTIwdHlwZSUzRCUyN3RleHQlMkZqYXZhc2NyaXB0JTI3JTIwc3JjJTNEJTI3JTJGJTJGczMuYW1hem9uYXdzLmNvbSUyRmRvd25sb2Fkcy5tYWlsY2hpbXAuY29tJTJGanMlMkZtYy12YWxpZGF0ZS5qcyUyNyUzRSUzQyUyRnNjcmlwdCUzRSUzQ3NjcmlwdCUyMHR5cGUlM0QlMjd0ZXh0JTJGamF2YXNjcmlwdCUyNyUzRSUyOGZ1bmN0aW9uJTI4JTI0JTI5JTIwJTdCd2luZG93LmZuYW1lcyUyMCUzRCUyMG5ldyUyMEFycmF5JTI4JTI5JTNCJTIwd2luZG93LmZ0eXBlcyUyMCUzRCUyMG5ldyUyMEFycmF5JTI4JTI5JTNCZm5hbWVzJTVCMCU1RCUzRCUyN0VNQUlMJTI3JTNCZnR5cGVzJTVCMCU1RCUzRCUyN2VtYWlsJTI3JTNCZm5hbWVzJTVCMSU1RCUzRCUyN0ZOQU1FJTI3JTNCZnR5cGVzJTVCMSU1RCUzRCUyN3RleHQlMjclM0JmbmFtZXMlNUIyJTVEJTNEJTI3TE5BTUUlMjclM0JmdHlwZXMlNUIyJTVEJTNEJTI3dGV4dCUyNyUzQiU3RCUyOGpRdWVyeSUyOSUyOSUzQnZhciUyMCUyNG1jaiUyMCUzRCUyMGpRdWVyeS5ub0NvbmZsaWN0JTI4dHJ1ZSUyOSUzQiUzQyUyRnNjcmlwdCUzRSUwQSUzQyUyMS0tRW5kJTIwbWNfZW1iZWRfc2lnbnVwLS0lM0UlMEElMEElM0MlMjEtLUVuZCUyMG1jX2VtYmVkX3NpZ251cC0tJTNF[\/vc_raw_html][\/vc_column][vc_column width=&#8220;3\/12&#8243;][\/vc_column][\/vc_row][vc_row foundry_padding=&#8220;pt64 pb64&#8243; css=&#8220;.vc_custom_1580823048408{background-image: url(https:\/\/www.satoriprocess.com\/wp-content\/uploads\/2020\/01\/AdobeStock_296525291-scaled-e1580498541294.jpeg?id=1536) !important;}&#8220;][vc_column width=&#8220;1\/6&#8243;][\/vc_column][vc_column width=&#8220;2\/3&#8243;][vc_empty_space]\t\n\t<div class=\"text-slider slider-paging-controls text-center relative\">\n\t    <ul class=\"slides\">\n\t        <li>\n\t<h5>Satori ist f\u00fcr mich vor allem ein Heilungsprozess<\/h5>\n    <div class=\"quote-author\">\n        <h6 class=\"uppercase mb0\">Jana L.<\/h6><span><\/span>    <\/div>\n<\/li><li>\n\t<h5>Ich nehme alle 2 Jahre teil \u2013 f\u00fcr die tiefe Seelenhygiene.\r\nDer Rahmen ist so ausgelegt, dass ich einerseits gut gehalten werde, und andererseits nicht vor mir selbst fliehen kann.\r\nDieses tiefe Commitment zu mir selbst wie zu anderen, er\u00f6ffnet in mir eine ungeahnte Lebendigkeit.<\/h5>\n    <div class=\"quote-author\">\n        <h6 class=\"uppercase mb0\">Daniel K.<\/h6><span><\/span>    <\/div>\n<\/li><li>\n\t<h5>Der Satori-Prozess hat mir immer wieder geholfen, ganz zu mir zu kommen.<\/h5>\n    <div class=\"quote-author\">\n        <h6 class=\"uppercase mb0\">Nils C.<\/h6><span><\/span>    <\/div>\n<\/li><li>\n\t<h5>...Ich w\u00fcrde es wieder machen! Die Disziplin die man mitbringen muss, zahlt sich doppelt und dreifach aus. Dadurch, dass man sich selbst neu\/n\u00e4her kennen lernt, bewusster wird sowie durch den hohen inneren Energieaufbau.\r\n&nbsp;<\/h5>\n    <div class=\"quote-author\">\n        <h6 class=\"uppercase mb0\">Daniel B.<\/h6><span><\/span>    <\/div>\n<\/li><li>\n\t<h5>Wer bin ich? Die erste und wichtigste Frage beim Satori-Prozess. Eine m\u00fchsame, oft tagelange Suche \u2013 bis ich pl\u00f6tzlich erkenne, dass die Antwort schon immer da war \u2013 nur ich selbst war immer woanders. Es ist wie ein\r\nNachhause-Kommen.<\/h5>\n    <div class=\"quote-author\">\n        <h6 class=\"uppercase mb0\">Peter B.<\/h6><span><\/span>    <\/div>\n<\/li><li>\n\t<h5>Die Dyaden (intensiver Zweieraustausch ) aus dem Satori Prozess fand ich so gro\u00dfartig, intensiv und effektiv, dass ich sie seitdem in meine therapeutische Arbeit einbeziehe, besonders in die Paararbeit.<\/h5>\n    <div class=\"quote-author\">\n        <h6 class=\"uppercase mb0\">Christiane B.<\/h6><span><\/span>    <\/div>\n<\/li>\t    <\/ul>\n\t<\/div>\n\t\n[vc_empty_space][\/vc_column][vc_column width=&#8220;1\/6&#8243;][\/vc_column][\/vc_row]<\/p>\n","protected":false},"excerpt":{"rendered":"<p>[vc_row foundry_parallax=&#8220;not-parallax&#8220; css=&#8220;.vc_custom_1736935586716{background-image: url(https:\/\/www.satoriprocess.com\/wp-content\/uploads\/2025\/01\/Berlin-Design-scaled-e1736851636510-1.jpg?id=3114) !important;}&#8220;][vc_column][\/vc_column][\/vc_row][vc_row foundry_padding=&#8220;pb0&#8243;][vc_column][vc_column_text el_id=&#8220;#theprocess&#8220;] Satori Intensiv-Wochende Berlin 27. &#8211; 29.M\u00e4rz 2026 Remise an der Marie, Berlin\/Prenzlauer Berg Herzlich&#8230;<\/p>\n","protected":false},"author":2,"featured_media":0,"parent":0,"menu_order":4,"comment_status":"closed","ping_status":"closed","template":"","meta":[],"yoast_head":"<!-- This site is optimized with the Yoast SEO plugin v20.3 - https:\/\/yoast.com\/wordpress\/plugins\/seo\/ -->\n<title>Satori Wochenende Berlin 2025 - The Satori Process<\/title>\n<meta name=\"description\" content=\"17. bis 19. Dezember 2021. Dieses Wochenende bietet Dir die seltene Gelegenheit, intensiv und mit viel Unterst\u00fctzung\u2028 an Deiner Satori-Frage zu arbeiten.\" \/>\n<meta name=\"robots\" content=\"index, follow, max-snippet:-1, max-image-preview:large, max-video-preview:-1\" \/>\n<link rel=\"canonical\" href=\"https:\/\/www.satoriprocess.com\/de\/satori-wochenende-berlin-2025\/\" \/>\n<meta property=\"og:locale\" content=\"de_DE\" \/>\n<meta property=\"og:type\" content=\"article\" \/>\n<meta property=\"og:title\" content=\"Satori Wochenende Berlin 2025 - The Satori Process\" \/>\n<meta property=\"og:description\" content=\"17. bis 19. Dezember 2021. Dieses Wochenende bietet Dir die seltene Gelegenheit, intensiv und mit viel Unterst\u00fctzung\u2028 an Deiner Satori-Frage zu arbeiten.\" \/>\n<meta property=\"og:url\" content=\"https:\/\/www.satoriprocess.com\/de\/satori-wochenende-berlin-2025\/\" \/>\n<meta property=\"og:site_name\" content=\"The Satori Process\" \/>\n<meta property=\"article:modified_time\" content=\"2025-10-05T09:31:52+00:00\" \/>\n<meta property=\"og:image\" content=\"https:\/\/www.satoriprocess.com\/wp-content\/uploads\/2020\/01\/divider-1.png\" \/>\n<meta name=\"twitter:card\" content=\"summary_large_image\" \/>\n<meta name=\"twitter:label1\" content=\"Gesch\u00e4tzte Lesezeit\" \/>\n\t<meta name=\"twitter:data1\" content=\"2\u00a0Minuten\" \/>\n<script type=\"application\/ld+json\" class=\"yoast-schema-graph\">{\"@context\":\"https:\/\/schema.org\",\"@graph\":[{\"@type\":\"WebPage\",\"@id\":\"https:\/\/www.satoriprocess.com\/de\/satori-wochenende-berlin-2025\/\",\"url\":\"https:\/\/www.satoriprocess.com\/de\/satori-wochenende-berlin-2025\/\",\"name\":\"Satori Wochenende Berlin 2025 - The Satori Process\",\"isPartOf\":{\"@id\":\"https:\/\/www.satoriprocess.com\/#website\"},\"datePublished\":\"2022-05-24T12:34:45+00:00\",\"dateModified\":\"2025-10-05T09:31:52+00:00\",\"description\":\"17. bis 19. Dezember 2021. Dieses Wochenende bietet Dir die seltene Gelegenheit, intensiv und mit viel Unterst\u00fctzung\\u2028 an Deiner Satori-Frage zu arbeiten.\",\"breadcrumb\":{\"@id\":\"https:\/\/www.satoriprocess.com\/de\/satori-wochenende-berlin-2025\/#breadcrumb\"},\"inLanguage\":\"de\",\"potentialAction\":[{\"@type\":\"ReadAction\",\"target\":[\"https:\/\/www.satoriprocess.com\/de\/satori-wochenende-berlin-2025\/\"]}]},{\"@type\":\"BreadcrumbList\",\"@id\":\"https:\/\/www.satoriprocess.com\/de\/satori-wochenende-berlin-2025\/#breadcrumb\",\"itemListElement\":[{\"@type\":\"ListItem\",\"position\":1,\"name\":\"Home\",\"item\":\"https:\/\/www.satoriprocess.com\/de\/\"},{\"@type\":\"ListItem\",\"position\":2,\"name\":\"SATORI WOCHENENDE BERLIN 2026\"}]},{\"@type\":\"WebSite\",\"@id\":\"https:\/\/www.satoriprocess.com\/#website\",\"url\":\"https:\/\/www.satoriprocess.com\/\",\"name\":\"The Satori Process\",\"description\":\"The Satori Process is a special meditation technique which allows a peak experience and provides a microcosmic look at basic life patterns and attitudes.\",\"potentialAction\":[{\"@type\":\"SearchAction\",\"target\":{\"@type\":\"EntryPoint\",\"urlTemplate\":\"https:\/\/www.satoriprocess.com\/?s={search_term_string}\"},\"query-input\":\"required name=search_term_string\"}],\"inLanguage\":\"de\"}]}<\/script>\n<!-- \/ Yoast SEO plugin. -->","yoast_head_json":{"title":"Satori Wochenende Berlin 2025 - The Satori Process","description":"17. bis 19. Dezember 2021. Dieses Wochenende bietet Dir die seltene Gelegenheit, intensiv und mit viel Unterst\u00fctzung\u2028 an Deiner Satori-Frage zu arbeiten.","robots":{"index":"index","follow":"follow","max-snippet":"max-snippet:-1","max-image-preview":"max-image-preview:large","max-video-preview":"max-video-preview:-1"},"canonical":"https:\/\/www.satoriprocess.com\/de\/satori-wochenende-berlin-2025\/","og_locale":"de_DE","og_type":"article","og_title":"Satori Wochenende Berlin 2025 - The Satori Process","og_description":"17. bis 19. Dezember 2021. Dieses Wochenende bietet Dir die seltene Gelegenheit, intensiv und mit viel Unterst\u00fctzung\u2028 an Deiner Satori-Frage zu arbeiten.","og_url":"https:\/\/www.satoriprocess.com\/de\/satori-wochenende-berlin-2025\/","og_site_name":"The Satori Process","article_modified_time":"2025-10-05T09:31:52+00:00","og_image":[{"url":"https:\/\/www.satoriprocess.com\/wp-content\/uploads\/2020\/01\/divider-1.png"}],"twitter_card":"summary_large_image","twitter_misc":{"Gesch\u00e4tzte Lesezeit":"2\u00a0Minuten"},"schema":{"@context":"https:\/\/schema.org","@graph":[{"@type":"WebPage","@id":"https:\/\/www.satoriprocess.com\/de\/satori-wochenende-berlin-2025\/","url":"https:\/\/www.satoriprocess.com\/de\/satori-wochenende-berlin-2025\/","name":"Satori Wochenende Berlin 2025 - The Satori Process","isPartOf":{"@id":"https:\/\/www.satoriprocess.com\/#website"},"datePublished":"2022-05-24T12:34:45+00:00","dateModified":"2025-10-05T09:31:52+00:00","description":"17. bis 19. Dezember 2021. Dieses Wochenende bietet Dir die seltene Gelegenheit, intensiv und mit viel Unterst\u00fctzung\u2028 an Deiner Satori-Frage zu arbeiten.","breadcrumb":{"@id":"https:\/\/www.satoriprocess.com\/de\/satori-wochenende-berlin-2025\/#breadcrumb"},"inLanguage":"de","potentialAction":[{"@type":"ReadAction","target":["https:\/\/www.satoriprocess.com\/de\/satori-wochenende-berlin-2025\/"]}]},{"@type":"BreadcrumbList","@id":"https:\/\/www.satoriprocess.com\/de\/satori-wochenende-berlin-2025\/#breadcrumb","itemListElement":[{"@type":"ListItem","position":1,"name":"Home","item":"https:\/\/www.satoriprocess.com\/de\/"},{"@type":"ListItem","position":2,"name":"SATORI WOCHENENDE BERLIN 2026"}]},{"@type":"WebSite","@id":"https:\/\/www.satoriprocess.com\/#website","url":"https:\/\/www.satoriprocess.com\/","name":"The Satori Process","description":"The Satori Process is a special meditation technique which allows a peak experience and provides a microcosmic look at basic life patterns and attitudes.","potentialAction":[{"@type":"SearchAction","target":{"@type":"EntryPoint","urlTemplate":"https:\/\/www.satoriprocess.com\/?s={search_term_string}"},"query-input":"required name=search_term_string"}],"inLanguage":"de"}]}},"_links":{"self":[{"href":"https:\/\/www.satoriprocess.com\/de\/wp-json\/wp\/v2\/pages\/2478"}],"collection":[{"href":"https:\/\/www.satoriprocess.com\/de\/wp-json\/wp\/v2\/pages"}],"about":[{"href":"https:\/\/www.satoriprocess.com\/de\/wp-json\/wp\/v2\/types\/page"}],"author":[{"embeddable":true,"href":"https:\/\/www.satoriprocess.com\/de\/wp-json\/wp\/v2\/users\/2"}],"replies":[{"embeddable":true,"href":"https:\/\/www.satoriprocess.com\/de\/wp-json\/wp\/v2\/comments?post=2478"}],"version-history":[{"count":10,"href":"https:\/\/www.satoriprocess.com\/de\/wp-json\/wp\/v2\/pages\/2478\/revisions"}],"predecessor-version":[{"id":3238,"href":"https:\/\/www.satoriprocess.com\/de\/wp-json\/wp\/v2\/pages\/2478\/revisions\/3238"}],"wp:attachment":[{"href":"https:\/\/www.satoriprocess.com\/de\/wp-json\/wp\/v2\/media?parent=2478"}],"curies":[{"name":"wp","href":"https:\/\/api.w.org\/{rel}","templated":true}]}}